{"id":12954,"date":"2020-08-27T08:23:10","date_gmt":"2020-08-27T08:23:10","guid":{"rendered":"https:\/?page_id=12954"},"modified":"2025-02-10T10:57:54","modified_gmt":"2025-02-10T09:57:54","slug":"politica-de-privacitat","status":"publish","type":"page","link":"https:\/\/dentistesdemolins.com\/ca\/politica-de-privacitat\/","title":{"rendered":"Pol\u00edtica de privacitat"},"content":{"rendered":"\t\t<div data-elementor-type=\"wp-page\" data-elementor-id=\"12954\" class=\"elementor elementor-12954\" data-elementor-post-type=\"page\">\n\t\t\t\t\t\t<section class=\"elementor-section elementor-top-section elementor-element elementor-element-302c4a2 elementor-section-boxed elementor-section-height-default elementor-section-height-default sc_fly_static\" data-id=\"302c4a2\" data-element_type=\"section\" data-e-type=\"section\" data-settings=\"{&quot;background_background&quot;:&quot;classic&quot;}\">\n\t\t\t\t\t\t<div class=\"elementor-container elementor-column-gap-extended\">\n\t\t\t\t\t<div class=\"elementor-column elementor-col-100 elementor-top-column elementor-element elementor-element-8b09cbb sc_content_align_inherit sc_layouts_column_icons_position_left sc_fly_static\" data-id=\"8b09cbb\" data-element_type=\"column\" data-e-type=\"column\">\n\t\t\t<div class=\"elementor-widget-wrap elementor-element-populated\">\n\t\t\t\t\t\t<div class=\"elementor-element elementor-element-684c47a sc_fly_static elementor-widget elementor-widget-heading\" data-id=\"684c47a\" data-element_type=\"widget\" data-e-type=\"widget\" data-widget_type=\"heading.default\">\n\t\t\t\t<div class=\"elementor-widget-container\">\n\t\t\t\t\t<h1 class=\"elementor-heading-title elementor-size-default\">Pol\u00edtica de Privacidad<\/h1>\t\t\t\t<\/div>\n\t\t\t\t<\/div>\n\t\t\t\t<div class=\"elementor-element elementor-element-986426f elementor-view-default sc_fly_static elementor-widget elementor-widget-icon\" data-id=\"986426f\" data-element_type=\"widget\" data-e-type=\"widget\" data-widget_type=\"icon.default\">\n\t\t\t\t<div class=\"elementor-widget-container\">\n\t\t\t\t\t\t\t<div class=\"elementor-icon-wrapper\">\n\t\t\t<div class=\"elementor-icon\">\n\t\t\t<svg xmlns=\"http:\/\/www.w3.org\/2000\/svg\" fill=\"#000000\" width=\"800px\" height=\"800px\" viewBox=\"-8.5 0 32 32\"><title>angle-down<\/title><path d=\"M7.28 20.040c-0.24 0-0.44-0.080-0.6-0.24l-6.44-6.44c-0.32-0.32-0.32-0.84 0-1.2 0.32-0.32 0.84-0.32 1.2 0l5.84 5.84 5.84-5.84c0.32-0.32 0.84-0.32 1.2 0 0.32 0.32 0.32 0.84 0 1.2l-6.44 6.44c-0.16 0.16-0.4 0.24-0.6 0.24z\"><\/path><\/svg>\t\t\t<\/div>\n\t\t<\/div>\n\t\t\t\t\t\t<\/div>\n\t\t\t\t<\/div>\n\t\t\t\t\t<\/div>\n\t\t<\/div>\n\t\t\t\t\t<\/div>\n\t\t<\/section>\n\t\t\t\t<section class=\"elementor-section elementor-top-section elementor-element elementor-element-2d90d173 elementor-section-boxed elementor-section-height-default elementor-section-height-default sc_fly_static\" data-id=\"2d90d173\" data-element_type=\"section\" data-e-type=\"section\" data-settings=\"{&quot;background_background&quot;:&quot;classic&quot;}\">\n\t\t\t\t\t\t<div class=\"elementor-container elementor-column-gap-extended\">\n\t\t\t\t\t<div class=\"elementor-column elementor-col-100 elementor-top-column elementor-element elementor-element-45294a64 sc_content_align_inherit sc_layouts_column_icons_position_left sc_fly_static\" data-id=\"45294a64\" data-element_type=\"column\" data-e-type=\"column\">\n\t\t\t<div class=\"elementor-widget-wrap elementor-element-populated\">\n\t\t\t\t\t\t<div class=\"elementor-element elementor-element-6ddee20d sc_fly_static elementor-widget elementor-widget-text-editor\" data-id=\"6ddee20d\" data-element_type=\"widget\" data-e-type=\"widget\" data-widget_type=\"text-editor.default\">\n\t\t\t\t<div class=\"elementor-widget-container\">\n\t\t\t\t\t\t\t\t\t<h5>1. IDENTITAT I ADRE\u00c7A DEL RESPONSABLE DEL FITXER ON ES TROBEN LES SEVES DADES<\/h5><p>En virtut de la Llei Org\u00e0nica 15\/1999, de 13 de desembre, Protecci\u00f3 de Dades de Car\u00e0cter Personal, Institut Odont\u00f2legs de Molins amb domicili social a Avda. Val\u00e8ncia, 35, baixos 08750 Molins de Rei (d\u2019ara endavant el Responsable del Fitxer), l\u2019informa que en introduir les seves dades a trav\u00e9s dels formularis electr\u00f2nics de la nostra web ens subministrar\u00e0 determinades dades de car\u00e0cter personal que es tractaran de forma automatitzada i en els corresponents fitxers dels quals Institut Odont\u00f2legs de Molins \u00e9s titular i responsable.<\/p>\t\t\t\t\t\t\t\t<\/div>\n\t\t\t\t<\/div>\n\t\t\t\t\t<\/div>\n\t\t<\/div>\n\t\t\t\t\t<\/div>\n\t\t<\/section>\n\t\t\t\t<section class=\"elementor-section elementor-top-section elementor-element elementor-element-4cb1f891 elementor-section-boxed elementor-section-height-default elementor-section-height-default sc_fly_static\" data-id=\"4cb1f891\" data-element_type=\"section\" data-e-type=\"section\">\n\t\t\t\t\t\t<div class=\"elementor-container elementor-column-gap-extended\">\n\t\t\t\t\t<div class=\"elementor-column elementor-col-100 elementor-top-column elementor-element elementor-element-197299c8 sc_content_align_inherit sc_layouts_column_icons_position_left sc_fly_static\" data-id=\"197299c8\" data-element_type=\"column\" data-e-type=\"column\">\n\t\t\t<div class=\"elementor-widget-wrap elementor-element-populated\">\n\t\t\t\t\t\t<div class=\"elementor-element elementor-element-3920be4e sc_fly_static elementor-widget elementor-widget-spacer\" data-id=\"3920be4e\" data-element_type=\"widget\" data-e-type=\"widget\" data-widget_type=\"spacer.default\">\n\t\t\t\t<div class=\"elementor-widget-container\">\n\t\t\t\t\t\t\t<div class=\"elementor-spacer\">\n\t\t\t<div class=\"elementor-spacer-inner\"><\/div>\n\t\t<\/div>\n\t\t\t\t\t\t<\/div>\n\t\t\t\t<\/div>\n\t\t\t\t\t<\/div>\n\t\t<\/div>\n\t\t\t\t\t<\/div>\n\t\t<\/section>\n\t\t\t\t<section class=\"elementor-section elementor-top-section elementor-element elementor-element-4a2eeb43 elementor-section-boxed elementor-section-height-default elementor-section-height-default sc_fly_static\" data-id=\"4a2eeb43\" data-element_type=\"section\" data-e-type=\"section\" data-settings=\"{&quot;background_background&quot;:&quot;classic&quot;}\">\n\t\t\t\t\t\t<div class=\"elementor-container elementor-column-gap-extended\">\n\t\t\t\t\t<div class=\"elementor-column elementor-col-100 elementor-top-column elementor-element elementor-element-590798dd sc_content_align_inherit sc_layouts_column_icons_position_left sc_fly_static\" data-id=\"590798dd\" data-element_type=\"column\" data-e-type=\"column\">\n\t\t\t<div class=\"elementor-widget-wrap elementor-element-populated\">\n\t\t\t\t\t\t<div class=\"elementor-element elementor-element-1c38b8e sc_fly_static elementor-widget elementor-widget-text-editor\" data-id=\"1c38b8e\" data-element_type=\"widget\" data-e-type=\"widget\" data-widget_type=\"text-editor.default\">\n\t\t\t\t<div class=\"elementor-widget-container\">\n\t\t\t\t\t\t\t\t\t<h5>2. FINALITAT DEL TRACTAMENT DE LES SEVES DADES<\/h5><p>La recollida i tractament automatitzat de les seves dades personals t\u00e9 com a finalitat fer-li participar en els concursos i promocions que oferim a trav\u00e9s del nostre web aix\u00ed com rebre el nostre Newsletter si aix\u00ed ho desitja. Per la present, vost\u00e8 consent el tractament de les seves dades amb la finalitat de ser utilitzats per a l\u2019enviament de promocions publicit\u00e0ries i prospecci\u00f3 comercial a trav\u00e9s de qualsevol mitj\u00e0, incloent per via electr\u00f2nica, per l\u2019empresa Institut Odont\u00f2legs de Molins i altres relacionades amb els sectors de les telecomunicacions, financer, oci, formaci\u00f3, gran consum, automoci\u00f3 i energia.<\/p><h5>3. DRETS D&#8217;ACC\u00c9S, RECTIFICACI\u00d3 I CANCEL\u00b7LACI\u00d3<\/h5><p>En tot moment podr\u00e0 exercitar el seu dret d\u2019acc\u00e9s, rectificaci\u00f3, cancel\u00b7laci\u00f3 i oposici\u00f3 enviant la seva sol\u00b7licitud escrita i signada dirigida al Departament Legal de Institut Odont\u00f2legs de Molins acompanyant fotoc\u00f2pia del seu DNI a l\u2019adre\u00e7a postal indicada o b\u00e9 a la seg\u00fcent adre\u00e7a de correu electr\u00f2nic info@dentistesdemolins.com. Aix\u00ed mateix, en qualsevol moment podr\u00e0 revocar el consentiment dalt prestat per a la cessi\u00f3 de les seves dades personals i la recepci\u00f3 de comunicacions comercials enviant una comunicaci\u00f3 en aquest sentit a l\u2019adre\u00e7a de correu electr\u00f2nic indicant la paraula \u201cBaixa\u201d a l\u2019assumpte a l\u2019adre\u00e7a de correu electr\u00f2nic dalt referenciada.<\/p><h5>4. CESSI\u00d3<\/h5><p>Si vost\u00e8 \u00e9s premiat en algun dels nostres concursos o promocions, autoritza la publicaci\u00f3 de les seves dades personals a la nostra web i en els perfils socials de Institut Odont\u00f2legs de Molins de Facebook, Twitter i Instagram a efectes d\u2019anunciar qui ha estat la persona guanyadora. Aix\u00ed mateix, vost\u00e8 consent la comunicaci\u00f3 de les seves dades a prove\u00efdors externs de Institut Odont\u00f2legs de Molins relacionats amb els sectors de les telecomunicacions, financer, oci, formaci\u00f3, gran consum, automoci\u00f3 i energia, a fi de ser utilitzades per l\u2019enviament de promocions publicit\u00e0ries i prospecci\u00f3 comercial.<\/p>\t\t\t\t\t\t\t\t<\/div>\n\t\t\t\t<\/div>\n\t\t\t\t\t<\/div>\n\t\t<\/div>\n\t\t\t\t\t<\/div>\n\t\t<\/section>\n\t\t\t\t<section class=\"elementor-section elementor-top-section elementor-element elementor-element-130d837b elementor-section-boxed elementor-section-height-default elementor-section-height-default sc_fly_static\" data-id=\"130d837b\" data-element_type=\"section\" data-e-type=\"section\">\n\t\t\t\t\t\t<div class=\"elementor-container elementor-column-gap-extended\">\n\t\t\t\t\t<div class=\"elementor-column elementor-col-100 elementor-top-column elementor-element elementor-element-7fbb804b sc_content_align_inherit sc_layouts_column_icons_position_left sc_fly_static\" data-id=\"7fbb804b\" data-element_type=\"column\" data-e-type=\"column\">\n\t\t\t<div class=\"elementor-widget-wrap elementor-element-populated\">\n\t\t\t\t\t\t<div class=\"elementor-element elementor-element-14dd4d92 sc_fly_static elementor-widget elementor-widget-spacer\" data-id=\"14dd4d92\" data-element_type=\"widget\" data-e-type=\"widget\" data-widget_type=\"spacer.default\">\n\t\t\t\t<div class=\"elementor-widget-container\">\n\t\t\t\t\t\t\t<div class=\"elementor-spacer\">\n\t\t\t<div class=\"elementor-spacer-inner\"><\/div>\n\t\t<\/div>\n\t\t\t\t\t\t<\/div>\n\t\t\t\t<\/div>\n\t\t\t\t\t<\/div>\n\t\t<\/div>\n\t\t\t\t\t<\/div>\n\t\t<\/section>\n\t\t\t\t<\/div>\n\t\t","protected":false},"excerpt":{"rendered":"<p>Pol\u00edtica de Privacidad angle-down 1. IDENTITAT I ADRE\u00c7A DEL RESPONSABLE DEL FITXER ON ES TROBEN LES SEVES DADES En virtut de la Llei Org\u00e0nica 15\/1999, de 13 de desembre, Protecci\u00f3&hellip;<\/p>\n","protected":false},"author":1,"featured_media":0,"parent":0,"menu_order":8,"comment_status":"closed","ping_status":"closed","template":"","meta":{"_joinchat":[],"footnotes":""},"class_list":["post-12954","page","type-page","status-publish","hentry"],"yoast_head":"<!-- This site is optimized with the Yoast SEO plugin v27.4 - https:\/\/yoast.com\/product\/yoast-seo-wordpress\/ -->\n<title>Pol\u00edtica de Privacitat | Dentistes de Molins<\/title>\n<meta name=\"description\" content=\"Consulta la nostra pol\u00edtica de privacitat i descobreix com protegim les teves dades personals a Dentistes de Molins.\" \/>\n<meta name=\"robots\" content=\"index, follow, max-snippet:-1, max-image-preview:large, max-video-preview:-1\" \/>\n<link rel=\"canonical\" href=\"https:\/\/dentistesdemolins.com\/ca\/politica-de-privacitat\/\" \/>\n<meta property=\"og:locale\" content=\"ca_ES\" \/>\n<meta property=\"og:type\" content=\"article\" \/>\n<meta property=\"og:title\" content=\"Pol\u00edtica de Privacitat | Dentistes de Molins\" \/>\n<meta property=\"og:description\" content=\"Consulta la nostra pol\u00edtica de privacitat i descobreix com protegim les teves dades personals a Dentistes de Molins.\" \/>\n<meta property=\"og:url\" content=\"https:\/\/dentistesdemolins.com\/ca\/politica-de-privacitat\/\" \/>\n<meta property=\"og:site_name\" content=\"Dentistes de Molins de Rei\" \/>\n<meta property=\"article:modified_time\" content=\"2025-02-10T09:57:54+00:00\" \/>\n<meta name=\"twitter:card\" content=\"summary_large_image\" \/>\n<meta name=\"twitter:label1\" content=\"Temps estimat de lectura\" \/>\n\t<meta name=\"twitter:data1\" content=\"3 minuts\" \/>\n<script type=\"application\/ld+json\" class=\"yoast-schema-graph\">{\"@context\":\"https:\\\/\\\/schema.org\",\"@graph\":[{\"@type\":\"WebPage\",\"@id\":\"https:\\\/\\\/dentistesdemolins.com\\\/ca\\\/politica-de-privacitat\\\/\",\"url\":\"https:\\\/\\\/dentistesdemolins.com\\\/ca\\\/politica-de-privacitat\\\/\",\"name\":\"Pol\u00edtica de Privacitat | Dentistes de Molins\",\"isPartOf\":{\"@id\":\"https:\\\/\\\/dentistesdemolins.com\\\/ca\\\/#website\"},\"datePublished\":\"2020-08-27T08:23:10+00:00\",\"dateModified\":\"2025-02-10T09:57:54+00:00\",\"description\":\"Consulta la nostra pol\u00edtica de privacitat i descobreix com protegim les teves dades personals a Dentistes de Molins.\",\"breadcrumb\":{\"@id\":\"https:\\\/\\\/dentistesdemolins.com\\\/ca\\\/politica-de-privacitat\\\/#breadcrumb\"},\"inLanguage\":\"ca\",\"potentialAction\":[{\"@type\":\"ReadAction\",\"target\":[\"https:\\\/\\\/dentistesdemolins.com\\\/ca\\\/politica-de-privacitat\\\/\"]}]},{\"@type\":\"BreadcrumbList\",\"@id\":\"https:\\\/\\\/dentistesdemolins.com\\\/ca\\\/politica-de-privacitat\\\/#breadcrumb\",\"itemListElement\":[{\"@type\":\"ListItem\",\"position\":1,\"name\":\"Inici\",\"item\":\"https:\\\/\\\/dentistesdemolins.com\\\/ca\\\/\"},{\"@type\":\"ListItem\",\"position\":2,\"name\":\"Pol\u00edtica de privacitat\"}]},{\"@type\":\"WebSite\",\"@id\":\"https:\\\/\\\/dentistesdemolins.com\\\/ca\\\/#website\",\"url\":\"https:\\\/\\\/dentistesdemolins.com\\\/ca\\\/\",\"name\":\"Dentistes de Molins de Rei\",\"description\":\"\",\"publisher\":{\"@id\":\"https:\\\/\\\/dentistesdemolins.com\\\/ca\\\/#organization\"},\"potentialAction\":[{\"@type\":\"SearchAction\",\"target\":{\"@type\":\"EntryPoint\",\"urlTemplate\":\"https:\\\/\\\/dentistesdemolins.com\\\/ca\\\/?s={search_term_string}\"},\"query-input\":{\"@type\":\"PropertyValueSpecification\",\"valueRequired\":true,\"valueName\":\"search_term_string\"}}],\"inLanguage\":\"ca\"},{\"@type\":\"Organization\",\"@id\":\"https:\\\/\\\/dentistesdemolins.com\\\/ca\\\/#organization\",\"name\":\"Dentistes de Molins de Rei\",\"url\":\"https:\\\/\\\/dentistesdemolins.com\\\/ca\\\/\",\"logo\":{\"@type\":\"ImageObject\",\"inLanguage\":\"ca\",\"@id\":\"https:\\\/\\\/dentistesdemolins.com\\\/ca\\\/#\\\/schema\\\/logo\\\/image\\\/\",\"url\":\"https:\\\/\\\/dentistesdemolins.com\\\/wp-content\\\/uploads\\\/2025\\\/02\\\/logo-dentistas.png\",\"contentUrl\":\"https:\\\/\\\/dentistesdemolins.com\\\/wp-content\\\/uploads\\\/2025\\\/02\\\/logo-dentistas.png\",\"width\":840,\"height\":200,\"caption\":\"Dentistes de Molins de Rei\"},\"image\":{\"@id\":\"https:\\\/\\\/dentistesdemolins.com\\\/ca\\\/#\\\/schema\\\/logo\\\/image\\\/\"}}]}<\/script>\n<!-- \/ Yoast SEO plugin. -->","yoast_head_json":{"title":"Pol\u00edtica de Privacitat | Dentistes de Molins","description":"Consulta la nostra pol\u00edtica de privacitat i descobreix com protegim les teves dades personals a Dentistes de Molins.","robots":{"index":"index","follow":"follow","max-snippet":"max-snippet:-1","max-image-preview":"max-image-preview:large","max-video-preview":"max-video-preview:-1"},"canonical":"https:\/\/dentistesdemolins.com\/ca\/politica-de-privacitat\/","og_locale":"ca_ES","og_type":"article","og_title":"Pol\u00edtica de Privacitat | Dentistes de Molins","og_description":"Consulta la nostra pol\u00edtica de privacitat i descobreix com protegim les teves dades personals a Dentistes de Molins.","og_url":"https:\/\/dentistesdemolins.com\/ca\/politica-de-privacitat\/","og_site_name":"Dentistes de Molins de Rei","article_modified_time":"2025-02-10T09:57:54+00:00","twitter_card":"summary_large_image","twitter_misc":{"Temps estimat de lectura":"3 minuts"},"schema":{"@context":"https:\/\/schema.org","@graph":[{"@type":"WebPage","@id":"https:\/\/dentistesdemolins.com\/ca\/politica-de-privacitat\/","url":"https:\/\/dentistesdemolins.com\/ca\/politica-de-privacitat\/","name":"Pol\u00edtica de Privacitat | Dentistes de Molins","isPartOf":{"@id":"https:\/\/dentistesdemolins.com\/ca\/#website"},"datePublished":"2020-08-27T08:23:10+00:00","dateModified":"2025-02-10T09:57:54+00:00","description":"Consulta la nostra pol\u00edtica de privacitat i descobreix com protegim les teves dades personals a Dentistes de Molins.","breadcrumb":{"@id":"https:\/\/dentistesdemolins.com\/ca\/politica-de-privacitat\/#breadcrumb"},"inLanguage":"ca","potentialAction":[{"@type":"ReadAction","target":["https:\/\/dentistesdemolins.com\/ca\/politica-de-privacitat\/"]}]},{"@type":"BreadcrumbList","@id":"https:\/\/dentistesdemolins.com\/ca\/politica-de-privacitat\/#breadcrumb","itemListElement":[{"@type":"ListItem","position":1,"name":"Inici","item":"https:\/\/dentistesdemolins.com\/ca\/"},{"@type":"ListItem","position":2,"name":"Pol\u00edtica de privacitat"}]},{"@type":"WebSite","@id":"https:\/\/dentistesdemolins.com\/ca\/#website","url":"https:\/\/dentistesdemolins.com\/ca\/","name":"Dentistes de Molins de Rei","description":"","publisher":{"@id":"https:\/\/dentistesdemolins.com\/ca\/#organization"},"potentialAction":[{"@type":"SearchAction","target":{"@type":"EntryPoint","urlTemplate":"https:\/\/dentistesdemolins.com\/ca\/?s={search_term_string}"},"query-input":{"@type":"PropertyValueSpecification","valueRequired":true,"valueName":"search_term_string"}}],"inLanguage":"ca"},{"@type":"Organization","@id":"https:\/\/dentistesdemolins.com\/ca\/#organization","name":"Dentistes de Molins de Rei","url":"https:\/\/dentistesdemolins.com\/ca\/","logo":{"@type":"ImageObject","inLanguage":"ca","@id":"https:\/\/dentistesdemolins.com\/ca\/#\/schema\/logo\/image\/","url":"https:\/\/dentistesdemolins.com\/wp-content\/uploads\/2025\/02\/logo-dentistas.png","contentUrl":"https:\/\/dentistesdemolins.com\/wp-content\/uploads\/2025\/02\/logo-dentistas.png","width":840,"height":200,"caption":"Dentistes de Molins de Rei"},"image":{"@id":"https:\/\/dentistesdemolins.com\/ca\/#\/schema\/logo\/image\/"}}]}},"_links":{"self":[{"href":"https:\/\/dentistesdemolins.com\/ca\/wp-json\/wp\/v2\/pages\/12954","targetHints":{"allow":["GET"]}}],"collection":[{"href":"https:\/\/dentistesdemolins.com\/ca\/wp-json\/wp\/v2\/pages"}],"about":[{"href":"https:\/\/dentistesdemolins.com\/ca\/wp-json\/wp\/v2\/types\/page"}],"author":[{"embeddable":true,"href":"https:\/\/dentistesdemolins.com\/ca\/wp-json\/wp\/v2\/users\/1"}],"replies":[{"embeddable":true,"href":"https:\/\/dentistesdemolins.com\/ca\/wp-json\/wp\/v2\/comments?post=12954"}],"version-history":[{"count":0,"href":"https:\/\/dentistesdemolins.com\/ca\/wp-json\/wp\/v2\/pages\/12954\/revisions"}],"wp:attachment":[{"href":"https:\/\/dentistesdemolins.com\/ca\/wp-json\/wp\/v2\/media?parent=12954"}],"curies":[{"name":"wp","href":"https:\/\/api.w.org\/{rel}","templated":true}]}}