{"id":22400,"date":"2024-11-22T01:19:24","date_gmt":"2024-11-22T00:19:24","guid":{"rendered":"https:\/?page_id=22400"},"modified":"2025-02-10T11:15:38","modified_gmt":"2025-02-10T10:15:38","slug":"avis-legal","status":"publish","type":"page","link":"https:\/\/dentistesdemolins.com\/ca\/avis-legal\/","title":{"rendered":"AV\u00cdS LEGAL"},"content":{"rendered":"\t\t<div data-elementor-type=\"wp-page\" data-elementor-id=\"22400\" class=\"elementor elementor-22400\" data-elementor-post-type=\"page\">\n\t\t\t\t\t\t<section class=\"elementor-section elementor-top-section elementor-element elementor-element-aedc2d4 elementor-section-boxed elementor-section-height-default elementor-section-height-default sc_fly_static\" data-id=\"aedc2d4\" data-element_type=\"section\" data-e-type=\"section\" data-settings=\"{&quot;background_background&quot;:&quot;classic&quot;}\">\n\t\t\t\t\t\t<div class=\"elementor-container elementor-column-gap-extended\">\n\t\t\t\t\t<div class=\"elementor-column elementor-col-100 elementor-top-column elementor-element elementor-element-5bc352e sc_content_align_inherit sc_layouts_column_icons_position_left sc_fly_static\" data-id=\"5bc352e\" data-element_type=\"column\" data-e-type=\"column\">\n\t\t\t<div class=\"elementor-widget-wrap elementor-element-populated\">\n\t\t\t\t\t\t<div class=\"elementor-element elementor-element-1d3c47d sc_fly_static elementor-widget elementor-widget-heading\" data-id=\"1d3c47d\" data-element_type=\"widget\" data-e-type=\"widget\" data-widget_type=\"heading.default\">\n\t\t\t\t<div class=\"elementor-widget-container\">\n\t\t\t\t\t<h1 class=\"elementor-heading-title elementor-size-default\">Aviso legal<\/h1>\t\t\t\t<\/div>\n\t\t\t\t<\/div>\n\t\t\t\t<div class=\"elementor-element elementor-element-3cc590f elementor-view-default sc_fly_static elementor-widget elementor-widget-icon\" data-id=\"3cc590f\" data-element_type=\"widget\" data-e-type=\"widget\" data-widget_type=\"icon.default\">\n\t\t\t\t<div class=\"elementor-widget-container\">\n\t\t\t\t\t\t\t<div class=\"elementor-icon-wrapper\">\n\t\t\t<div class=\"elementor-icon\">\n\t\t\t<svg xmlns=\"http:\/\/www.w3.org\/2000\/svg\" fill=\"#000000\" width=\"800px\" height=\"800px\" viewBox=\"-8.5 0 32 32\"><title>angle-down<\/title><path d=\"M7.28 20.040c-0.24 0-0.44-0.080-0.6-0.24l-6.44-6.44c-0.32-0.32-0.32-0.84 0-1.2 0.32-0.32 0.84-0.32 1.2 0l5.84 5.84 5.84-5.84c0.32-0.32 0.84-0.32 1.2 0 0.32 0.32 0.32 0.84 0 1.2l-6.44 6.44c-0.16 0.16-0.4 0.24-0.6 0.24z\"><\/path><\/svg>\t\t\t<\/div>\n\t\t<\/div>\n\t\t\t\t\t\t<\/div>\n\t\t\t\t<\/div>\n\t\t\t\t\t<\/div>\n\t\t<\/div>\n\t\t\t\t\t<\/div>\n\t\t<\/section>\n\t\t\t\t<section class=\"elementor-section elementor-top-section elementor-element elementor-element-f9278ab elementor-section-boxed elementor-section-height-default elementor-section-height-default sc_fly_static\" data-id=\"f9278ab\" data-element_type=\"section\" data-e-type=\"section\" data-settings=\"{&quot;background_background&quot;:&quot;classic&quot;}\">\n\t\t\t\t\t\t<div class=\"elementor-container elementor-column-gap-extended\">\n\t\t\t\t\t<div class=\"elementor-column elementor-col-100 elementor-top-column elementor-element elementor-element-a45fc87 sc_content_align_inherit sc_layouts_column_icons_position_left sc_fly_static\" data-id=\"a45fc87\" data-element_type=\"column\" data-e-type=\"column\">\n\t\t\t<div class=\"elementor-widget-wrap elementor-element-populated\">\n\t\t\t\t\t\t<div class=\"elementor-element elementor-element-8abc45a sc_fly_static elementor-widget elementor-widget-text-editor\" data-id=\"8abc45a\" data-element_type=\"widget\" data-e-type=\"widget\" data-widget_type=\"text-editor.default\">\n\t\t\t\t<div class=\"elementor-widget-container\">\n\t\t\t\t\t\t\t\t\t<h5>1. DADES IDENTIFICATIVES<\/h5><p>Institut Odont\u00f2legs de Molins<br \/>Avda. Val\u00e8ncia, 35, baixos 08750<br \/>Molins de Rei<\/p><h5>2. CONDICIONS DE L&#8217;\u00daS MITJAN\u00c7ANT AQUEST AV\u00cdS<\/h5><p>Institut Odont\u00f2legs de Molins informa als usuaris de la p\u00e0gina web de la seva pol\u00edtica de protecci\u00f3 de dades de car\u00e0cter personal. La utilitzaci\u00f3 de l\u2019espai web de Institut Odont\u00f2legs de Molins i de qualsevol dels serveis que s\u2019hi incorporen pressuposa la plena acceptaci\u00f3 de les condicions que es manifesten en la pol\u00edtica de privadesa que s\u2019exposa.<\/p><h5>3. RECOLLIDA DE DADES<\/h5><p>Donant compliment a la Llei 15\/1999, de 13 de desembre, de protecci\u00f3 de dades de car\u00e0cter personal, s\u2019informa que les dades de car\u00e0cter personal que es sol\u00b7liciten en els nostres formularis s\u2019inclouran en un fitxer de dades personals el responsable i titular del qual \u00e9s Institut Odont\u00f2legs de Molins. Aix\u00ed mateix, quan una persona emplena qualsevol dels formularis amb les dades personals que se sol\u00b7liciten i accepta l\u2019enviament, autoritza expressament a Institut Odont\u00f2legs de Molins a tractar o incorporar en el fitxer automatitzat de la seva propietat les dades personals facilitades en el formulari esmentat i tots les dades que es generin en relaci\u00f3 amb la seva participaci\u00f3 o \u00fas dels diferents esdeveniments que s\u2019ofereixen en aquesta p\u00e0gina web.<\/p><p>Llevat que espec\u00edficament s\u2019estableixi el contrari, es considerar\u00e0 necessari emplenar tots els camps de cada formulari, per a aix\u00f2 l\u2019usuari haur\u00e0 d\u2019emplenar els formularis amb dades veritables, exactes, completes i actualitzades. L\u2019usuari ser\u00e0 l\u2019\u00fanic responsable de qualsevol dany o perjudici, directe i indirecte, que ocasioni a Institut Odont\u00f2legs de Molins o a qualsevol tercer per emplenar els formularis amb dades falses, inexactes, incompletes o no actualitzades o amb dades de tercers. A trav\u00e9s de les diferents \u00e0rees que formen part d\u2019aquest espai web, els usuaris poden obtenir informaci\u00f3, fer consultes i participar als diferents esdeveniments que Institut Odont\u00f2legs de Molins ofereixi mitjan\u00e7ant el seu espai web.<\/p><h5>4. FINALITATS DEL TRACTAMENT<\/h5><p>Les dades facilitades mai no seran utilitzades amb una finalitat diferent d\u2019aquella per a la qual han estat cedides, i seran cancel\u00b7lades immediatament despr\u00e9s de deixar de ser necess\u00e0ries per a aquesta finalitat, excepte quan una llei estableixi una altra cosa.<\/p><p>Quan la persona interessada envia les dades personals i l\u2019adre\u00e7a electr\u00f2nica a Institut Odont\u00f2legs de Molins, autoritza expressament la utilitzaci\u00f3 a efectes de comunicacions peri\u00f2diques, incloent expressament les que es realitzin per correu electr\u00f2nic que Institut Odont\u00f2legs de Molins o les entitats pertanyents a l\u2019\u00e0mbit empresarial de Institut Odont\u00f2legs de Molins duguin a terme amb els usuaris, i possibles interessats, per informar-los de les not\u00edcies, esdeveniments, etc \u2026<\/p><p>Al marge del que s\u2019ha dit anteriorment, la recollida i el tractament automatitzat de les dades personals facilitades tenen igualment com a finalitat la gesti\u00f3 administrativa i l\u2019execuci\u00f3 i el desenvolupament de tota activitat professional pr\u00f2pia de Institut Odont\u00f2legs de Molins i la gesti\u00f3 de l\u2019usuari en els diferents serveis posats a la seva disposici\u00f3 (a efectes merament informatius: sol\u00b7licitud d\u2019informaci\u00f3 sobre esdeveniments).<\/p><h5>5. SEGURETAT<\/h5><p>Tota la informaci\u00f3 relativa a dades de car\u00e0cter personal rebuda per Institut Odont\u00f2legs de Molins \u00e9s tractada amb la m\u00e0xima confidencialitat, i es procedeix \u00fanicament a les comunicacions estrictament necess\u00e0ries per a la prestaci\u00f3 del servei que interessa en cada cas i les comunicacions i cessions autoritzades per l\u2019usuari mitjan\u00e7ant aquesta pol\u00edtica de privacitat.<\/p><p>Institut Odont\u00f2legs de Molins ha adoptat els nivells de seguretat de protecci\u00f3 de dades personals requerits legalment i ha instal\u00b7lat els mitjans i mesures t\u00e8cniques al seu abast per evitar la p\u00e8rdua, el mal \u00fas, l\u2019alteraci\u00f3 de les dades personals facilitades i l\u2019acc\u00e9s no autoritzat a aquestes dades.<\/p><p>L\u2019usuari t\u00e9 dret a accedir a la informaci\u00f3 que li concerneix recopilada en els fitxers de Institut Odont\u00f2legs de Molins, la si \u00e9s err\u00f2nia, cancel\u00b7lar-la o oposar-se al seu tractament, per la via del correu electr\u00f2nic a l\u2019adre\u00e7a info@dentistesdemolins.com.<\/p><h5>6. CESSI\u00d3 DE DADES<\/h5><p>L\u2019usuari accepta que les seves dades puguin ser cedides, exclusivament per a les finalitats descrites anteriorment, a les entitats amb les quals participa Institut Odont\u00f2legs de Molins. L\u2019acceptaci\u00f3 de l\u2019usuari que les seves dades puguin ser tractades o cedides de la manera establerta en aquest par\u00e0graf t\u00e9 sempre el car\u00e0cter de revocable, sense efectes retroactius, d\u2019acord amb el que disposen els articles 6 i 11 de la Llei org\u00e0nica 15\/1999, de 13 de desembre.<\/p><h5>7. MODIFICACI\u00d3 D&#8217;AQUESTA POL\u00cdTICA DE PRIVACITAT<\/h5><p>Institut Odont\u00f2legs de Molins es reserva el dret de modificar la seva pol\u00edtica de protecci\u00f3 de dades d\u2019acord amb el seu criteri, oa causa d\u2019un canvi legislatiu, jurisprudencial o en la pr\u00e0ctica empresarial. Si Institut Odont\u00f2legs de Molins, introdueix alguna modificaci\u00f3, el nou text ser\u00e0 publicat en aquesta mateixa p\u00e0gina, on l\u2019usuari podr\u00e0 tenir coneixement de la pol\u00edtica de protecci\u00f3 de dades. Sigui com sigui, la relaci\u00f3 amb els usuaris es regir\u00e0 per les normes previstes en el moment prec\u00eds en qu\u00e8 s\u2019accedeix a l\u2019espai web.<\/p>\t\t\t\t\t\t\t\t<\/div>\n\t\t\t\t<\/div>\n\t\t\t\t\t<\/div>\n\t\t<\/div>\n\t\t\t\t\t<\/div>\n\t\t<\/section>\n\t\t\t\t<section class=\"elementor-section elementor-top-section elementor-element elementor-element-e68172f elementor-section-boxed elementor-section-height-default elementor-section-height-default sc_fly_static\" data-id=\"e68172f\" data-element_type=\"section\" data-e-type=\"section\">\n\t\t\t\t\t\t<div class=\"elementor-container elementor-column-gap-extended\">\n\t\t\t\t\t<div class=\"elementor-column elementor-col-100 elementor-top-column elementor-element elementor-element-40d0490 sc_content_align_inherit sc_layouts_column_icons_position_left sc_fly_static\" data-id=\"40d0490\" data-element_type=\"column\" data-e-type=\"column\">\n\t\t\t<div class=\"elementor-widget-wrap elementor-element-populated\">\n\t\t\t\t\t\t<div class=\"elementor-element elementor-element-0357214 sc_fly_static elementor-widget elementor-widget-spacer\" data-id=\"0357214\" data-element_type=\"widget\" data-e-type=\"widget\" data-widget_type=\"spacer.default\">\n\t\t\t\t<div class=\"elementor-widget-container\">\n\t\t\t\t\t\t\t<div class=\"elementor-spacer\">\n\t\t\t<div class=\"elementor-spacer-inner\"><\/div>\n\t\t<\/div>\n\t\t\t\t\t\t<\/div>\n\t\t\t\t<\/div>\n\t\t\t\t\t<\/div>\n\t\t<\/div>\n\t\t\t\t\t<\/div>\n\t\t<\/section>\n\t\t\t\t<\/div>\n\t\t","protected":false},"excerpt":{"rendered":"<p>Aviso legal angle-down 1. DADES IDENTIFICATIVES Institut Odont\u00f2legs de MolinsAvda. Val\u00e8ncia, 35, baixos 08750Molins de Rei 2. CONDICIONS DE L&#8217;\u00daS MITJAN\u00c7ANT AQUEST AV\u00cdS Institut Odont\u00f2legs de Molins informa als usuaris&hellip;<\/p>\n","protected":false},"author":2,"featured_media":0,"parent":0,"menu_order":10,"comment_status":"closed","ping_status":"closed","template":"","meta":{"_joinchat":[],"footnotes":""},"class_list":["post-22400","page","type-page","status-publish","hentry"],"yoast_head":"<!-- This site is optimized with the Yoast SEO plugin v27.4 - https:\/\/yoast.com\/product\/yoast-seo-wordpress\/ -->\n<title>Av\u00eds Legal | Dentistes de Molins<\/title>\n<meta name=\"description\" content=\"Aqu\u00ed teniu tota la informaci\u00f3 legal sobre l&#039;\u00fas i les condicions de la web de Dentistes de Molins.\" \/>\n<meta name=\"robots\" content=\"index, follow, max-snippet:-1, max-image-preview:large, max-video-preview:-1\" \/>\n<link rel=\"canonical\" href=\"https:\/\/dentistesdemolins.com\/ca\/avis-legal\/\" \/>\n<meta property=\"og:locale\" content=\"ca_ES\" \/>\n<meta property=\"og:type\" content=\"article\" \/>\n<meta property=\"og:title\" content=\"Av\u00eds Legal | Dentistes de Molins\" \/>\n<meta property=\"og:description\" content=\"Aqu\u00ed teniu tota la informaci\u00f3 legal sobre l&#039;\u00fas i les condicions de la web de Dentistes de Molins.\" \/>\n<meta property=\"og:url\" content=\"https:\/\/dentistesdemolins.com\/ca\/avis-legal\/\" \/>\n<meta property=\"og:site_name\" content=\"Dentistes de Molins de Rei\" \/>\n<meta property=\"article:modified_time\" content=\"2025-02-10T10:15:38+00:00\" \/>\n<meta name=\"twitter:card\" content=\"summary_large_image\" \/>\n<meta name=\"twitter:label1\" content=\"Temps estimat de lectura\" \/>\n\t<meta name=\"twitter:data1\" content=\"4 minuts\" \/>\n<script type=\"application\/ld+json\" class=\"yoast-schema-graph\">{\"@context\":\"https:\\\/\\\/schema.org\",\"@graph\":[{\"@type\":\"WebPage\",\"@id\":\"https:\\\/\\\/dentistesdemolins.com\\\/ca\\\/avis-legal\\\/\",\"url\":\"https:\\\/\\\/dentistesdemolins.com\\\/ca\\\/avis-legal\\\/\",\"name\":\"Av\u00eds Legal | Dentistes de Molins\",\"isPartOf\":{\"@id\":\"https:\\\/\\\/dentistesdemolins.com\\\/ca\\\/#website\"},\"datePublished\":\"2024-11-22T00:19:24+00:00\",\"dateModified\":\"2025-02-10T10:15:38+00:00\",\"description\":\"Aqu\u00ed teniu tota la informaci\u00f3 legal sobre l'\u00fas i les condicions de la web de Dentistes de Molins.\",\"breadcrumb\":{\"@id\":\"https:\\\/\\\/dentistesdemolins.com\\\/ca\\\/avis-legal\\\/#breadcrumb\"},\"inLanguage\":\"ca\",\"potentialAction\":[{\"@type\":\"ReadAction\",\"target\":[\"https:\\\/\\\/dentistesdemolins.com\\\/ca\\\/avis-legal\\\/\"]}]},{\"@type\":\"BreadcrumbList\",\"@id\":\"https:\\\/\\\/dentistesdemolins.com\\\/ca\\\/avis-legal\\\/#breadcrumb\",\"itemListElement\":[{\"@type\":\"ListItem\",\"position\":1,\"name\":\"Inici\",\"item\":\"https:\\\/\\\/dentistesdemolins.com\\\/ca\\\/\"},{\"@type\":\"ListItem\",\"position\":2,\"name\":\"AV\u00cdS LEGAL\"}]},{\"@type\":\"WebSite\",\"@id\":\"https:\\\/\\\/dentistesdemolins.com\\\/ca\\\/#website\",\"url\":\"https:\\\/\\\/dentistesdemolins.com\\\/ca\\\/\",\"name\":\"Dentistes de Molins de Rei\",\"description\":\"\",\"publisher\":{\"@id\":\"https:\\\/\\\/dentistesdemolins.com\\\/ca\\\/#organization\"},\"potentialAction\":[{\"@type\":\"SearchAction\",\"target\":{\"@type\":\"EntryPoint\",\"urlTemplate\":\"https:\\\/\\\/dentistesdemolins.com\\\/ca\\\/?s={search_term_string}\"},\"query-input\":{\"@type\":\"PropertyValueSpecification\",\"valueRequired\":true,\"valueName\":\"search_term_string\"}}],\"inLanguage\":\"ca\"},{\"@type\":\"Organization\",\"@id\":\"https:\\\/\\\/dentistesdemolins.com\\\/ca\\\/#organization\",\"name\":\"Dentistes de Molins de Rei\",\"url\":\"https:\\\/\\\/dentistesdemolins.com\\\/ca\\\/\",\"logo\":{\"@type\":\"ImageObject\",\"inLanguage\":\"ca\",\"@id\":\"https:\\\/\\\/dentistesdemolins.com\\\/ca\\\/#\\\/schema\\\/logo\\\/image\\\/\",\"url\":\"https:\\\/\\\/dentistesdemolins.com\\\/wp-content\\\/uploads\\\/2025\\\/02\\\/logo-dentistas.png\",\"contentUrl\":\"https:\\\/\\\/dentistesdemolins.com\\\/wp-content\\\/uploads\\\/2025\\\/02\\\/logo-dentistas.png\",\"width\":840,\"height\":200,\"caption\":\"Dentistes de Molins de Rei\"},\"image\":{\"@id\":\"https:\\\/\\\/dentistesdemolins.com\\\/ca\\\/#\\\/schema\\\/logo\\\/image\\\/\"}}]}<\/script>\n<!-- \/ Yoast SEO plugin. -->","yoast_head_json":{"title":"Av\u00eds Legal | Dentistes de Molins","description":"Aqu\u00ed teniu tota la informaci\u00f3 legal sobre l'\u00fas i les condicions de la web de Dentistes de Molins.","robots":{"index":"index","follow":"follow","max-snippet":"max-snippet:-1","max-image-preview":"max-image-preview:large","max-video-preview":"max-video-preview:-1"},"canonical":"https:\/\/dentistesdemolins.com\/ca\/avis-legal\/","og_locale":"ca_ES","og_type":"article","og_title":"Av\u00eds Legal | Dentistes de Molins","og_description":"Aqu\u00ed teniu tota la informaci\u00f3 legal sobre l'\u00fas i les condicions de la web de Dentistes de Molins.","og_url":"https:\/\/dentistesdemolins.com\/ca\/avis-legal\/","og_site_name":"Dentistes de Molins de Rei","article_modified_time":"2025-02-10T10:15:38+00:00","twitter_card":"summary_large_image","twitter_misc":{"Temps estimat de lectura":"4 minuts"},"schema":{"@context":"https:\/\/schema.org","@graph":[{"@type":"WebPage","@id":"https:\/\/dentistesdemolins.com\/ca\/avis-legal\/","url":"https:\/\/dentistesdemolins.com\/ca\/avis-legal\/","name":"Av\u00eds Legal | Dentistes de Molins","isPartOf":{"@id":"https:\/\/dentistesdemolins.com\/ca\/#website"},"datePublished":"2024-11-22T00:19:24+00:00","dateModified":"2025-02-10T10:15:38+00:00","description":"Aqu\u00ed teniu tota la informaci\u00f3 legal sobre l'\u00fas i les condicions de la web de Dentistes de Molins.","breadcrumb":{"@id":"https:\/\/dentistesdemolins.com\/ca\/avis-legal\/#breadcrumb"},"inLanguage":"ca","potentialAction":[{"@type":"ReadAction","target":["https:\/\/dentistesdemolins.com\/ca\/avis-legal\/"]}]},{"@type":"BreadcrumbList","@id":"https:\/\/dentistesdemolins.com\/ca\/avis-legal\/#breadcrumb","itemListElement":[{"@type":"ListItem","position":1,"name":"Inici","item":"https:\/\/dentistesdemolins.com\/ca\/"},{"@type":"ListItem","position":2,"name":"AV\u00cdS LEGAL"}]},{"@type":"WebSite","@id":"https:\/\/dentistesdemolins.com\/ca\/#website","url":"https:\/\/dentistesdemolins.com\/ca\/","name":"Dentistes de Molins de Rei","description":"","publisher":{"@id":"https:\/\/dentistesdemolins.com\/ca\/#organization"},"potentialAction":[{"@type":"SearchAction","target":{"@type":"EntryPoint","urlTemplate":"https:\/\/dentistesdemolins.com\/ca\/?s={search_term_string}"},"query-input":{"@type":"PropertyValueSpecification","valueRequired":true,"valueName":"search_term_string"}}],"inLanguage":"ca"},{"@type":"Organization","@id":"https:\/\/dentistesdemolins.com\/ca\/#organization","name":"Dentistes de Molins de Rei","url":"https:\/\/dentistesdemolins.com\/ca\/","logo":{"@type":"ImageObject","inLanguage":"ca","@id":"https:\/\/dentistesdemolins.com\/ca\/#\/schema\/logo\/image\/","url":"https:\/\/dentistesdemolins.com\/wp-content\/uploads\/2025\/02\/logo-dentistas.png","contentUrl":"https:\/\/dentistesdemolins.com\/wp-content\/uploads\/2025\/02\/logo-dentistas.png","width":840,"height":200,"caption":"Dentistes de Molins de Rei"},"image":{"@id":"https:\/\/dentistesdemolins.com\/ca\/#\/schema\/logo\/image\/"}}]}},"_links":{"self":[{"href":"https:\/\/dentistesdemolins.com\/ca\/wp-json\/wp\/v2\/pages\/22400","targetHints":{"allow":["GET"]}}],"collection":[{"href":"https:\/\/dentistesdemolins.com\/ca\/wp-json\/wp\/v2\/pages"}],"about":[{"href":"https:\/\/dentistesdemolins.com\/ca\/wp-json\/wp\/v2\/types\/page"}],"author":[{"embeddable":true,"href":"https:\/\/dentistesdemolins.com\/ca\/wp-json\/wp\/v2\/users\/2"}],"replies":[{"embeddable":true,"href":"https:\/\/dentistesdemolins.com\/ca\/wp-json\/wp\/v2\/comments?post=22400"}],"version-history":[{"count":0,"href":"https:\/\/dentistesdemolins.com\/ca\/wp-json\/wp\/v2\/pages\/22400\/revisions"}],"wp:attachment":[{"href":"https:\/\/dentistesdemolins.com\/ca\/wp-json\/wp\/v2\/media?parent=22400"}],"curies":[{"name":"wp","href":"https:\/\/api.w.org\/{rel}","templated":true}]}}