{"id":22402,"date":"2024-11-22T01:19:58","date_gmt":"2024-11-22T00:19:58","guid":{"rendered":"https:\/?page_id=22402"},"modified":"2025-02-10T11:09:26","modified_gmt":"2025-02-10T10:09:26","slug":"politica-de-cookies","status":"publish","type":"page","link":"https:\/\/dentistesdemolins.com\/ca\/politica-de-cookies\/","title":{"rendered":"Pol\u00edtica de Cookies"},"content":{"rendered":"\t\t<div data-elementor-type=\"wp-page\" data-elementor-id=\"22402\" class=\"elementor elementor-22402\" data-elementor-post-type=\"page\">\n\t\t\t\t\t\t<section class=\"elementor-section elementor-top-section elementor-element elementor-element-0c72216 elementor-section-boxed elementor-section-height-default elementor-section-height-default sc_fly_static\" data-id=\"0c72216\" data-element_type=\"section\" data-e-type=\"section\" data-settings=\"{&quot;background_background&quot;:&quot;classic&quot;}\">\n\t\t\t\t\t\t<div class=\"elementor-container elementor-column-gap-extended\">\n\t\t\t\t\t<div class=\"elementor-column elementor-col-100 elementor-top-column elementor-element elementor-element-68b721e sc_content_align_inherit sc_layouts_column_icons_position_left sc_fly_static\" data-id=\"68b721e\" data-element_type=\"column\" data-e-type=\"column\">\n\t\t\t<div class=\"elementor-widget-wrap elementor-element-populated\">\n\t\t\t\t\t\t<div class=\"elementor-element elementor-element-4c8d1c5 sc_fly_static elementor-widget elementor-widget-heading\" data-id=\"4c8d1c5\" data-element_type=\"widget\" data-e-type=\"widget\" data-widget_type=\"heading.default\">\n\t\t\t\t<div class=\"elementor-widget-container\">\n\t\t\t\t\t<h1 class=\"elementor-heading-title elementor-size-default\">Pol\u00edtica de Cookies<\/h1>\t\t\t\t<\/div>\n\t\t\t\t<\/div>\n\t\t\t\t<div class=\"elementor-element elementor-element-377f922 elementor-view-default sc_fly_static elementor-widget elementor-widget-icon\" data-id=\"377f922\" data-element_type=\"widget\" data-e-type=\"widget\" data-widget_type=\"icon.default\">\n\t\t\t\t<div class=\"elementor-widget-container\">\n\t\t\t\t\t\t\t<div class=\"elementor-icon-wrapper\">\n\t\t\t<div class=\"elementor-icon\">\n\t\t\t<svg xmlns=\"http:\/\/www.w3.org\/2000\/svg\" fill=\"#000000\" width=\"800px\" height=\"800px\" viewBox=\"-8.5 0 32 32\"><title>angle-down<\/title><path d=\"M7.28 20.040c-0.24 0-0.44-0.080-0.6-0.24l-6.44-6.44c-0.32-0.32-0.32-0.84 0-1.2 0.32-0.32 0.84-0.32 1.2 0l5.84 5.84 5.84-5.84c0.32-0.32 0.84-0.32 1.2 0 0.32 0.32 0.32 0.84 0 1.2l-6.44 6.44c-0.16 0.16-0.4 0.24-0.6 0.24z\"><\/path><\/svg>\t\t\t<\/div>\n\t\t<\/div>\n\t\t\t\t\t\t<\/div>\n\t\t\t\t<\/div>\n\t\t\t\t\t<\/div>\n\t\t<\/div>\n\t\t\t\t\t<\/div>\n\t\t<\/section>\n\t\t\t\t<section class=\"elementor-section elementor-top-section elementor-element elementor-element-b9002b5 elementor-section-boxed elementor-section-height-default elementor-section-height-default sc_fly_static\" data-id=\"b9002b5\" data-element_type=\"section\" data-e-type=\"section\" data-settings=\"{&quot;background_background&quot;:&quot;classic&quot;}\">\n\t\t\t\t\t\t<div class=\"elementor-container elementor-column-gap-extended\">\n\t\t\t\t\t<div class=\"elementor-column elementor-col-100 elementor-top-column elementor-element elementor-element-926b64f sc_content_align_inherit sc_layouts_column_icons_position_left sc_fly_static\" data-id=\"926b64f\" data-element_type=\"column\" data-e-type=\"column\">\n\t\t\t<div class=\"elementor-widget-wrap elementor-element-populated\">\n\t\t\t\t\t\t<div class=\"elementor-element elementor-element-33aa883 sc_fly_static elementor-widget elementor-widget-text-editor\" data-id=\"33aa883\" data-element_type=\"widget\" data-e-type=\"widget\" data-widget_type=\"text-editor.default\">\n\t\t\t\t<div class=\"elementor-widget-container\">\n\t\t\t\t\t\t\t\t\t<h5>1. QU\u00c8 S\u00d3N LES COOKIES?<\/h5><p>Les galetes o cookies s\u00f3n un conjunt de dades que un servidor diposita en el navegador de l\u2019usuari per recollir la informaci\u00f3 de registre est\u00e0ndard d\u2019Internet i la informaci\u00f3 del comportament dels visitants en un lloc web. \u00c9s a dir, es tracta de petits arxius de text que queden emmagatzemats al disc dur de l\u2019ordinador i que serveixen per identificar l\u2019usuari quan es connecta novament al lloc web. El seu objectiu \u00e9s registrar la visita de l\u2019usuari i guardar certa informaci\u00f3. El seu \u00fas \u00e9s com\u00fa i freq\u00fcent a la web ja que permet a les p\u00e0gines funcionar de manera m\u00e9s eficient i aconseguir una major personalitzaci\u00f3 i an\u00e0lisi sobre el comportament de l\u2019usuari.<\/p><h5>2. QUINS TIPUS DE GALETES HI HA?<\/h5><p>Les galetes, en funci\u00f3 de la seva perman\u00e8ncia, poden dividir-se en galetes de sessi\u00f3 o permanents. Les primeres expiren quan l\u2019usuari tanca el navegador. Les segones expiren en funci\u00f3 de quan es compleixi l\u2019objectiu per al qual serveixen (per exemple, perqu\u00e8 l\u2019usuari es mantingui identificat en els serveis de Institut Odont\u00f2legs de Molins) o b\u00e9 quan s\u2019esborren manualment. Addicionalment, en funci\u00f3 del seu objectiu, les galetes poden classificar-se de la seg\u00fcent manera:<\/p><h5>3. GALETES DE RENDIMENT<\/h5><p>Aquest tipus de Cookie recorda les seves prefer\u00e8ncies per a les eines que es troben en els serveis, per la qual cosa no ha de tornar a configurar el servei cada vegada que vost\u00e8 visita. A tall d\u2019exemple, en aquesta tipologia s\u2019inclouen: Ajustaments de volum de reproductors de v\u00eddeo o so. Les velocitats de transmissi\u00f3 de v\u00eddeo compatibles amb el seu navegador. Els objectes guardats en el \u201ccarret de la compra\u201d en els serveis de comer\u00e7 electr\u00f2nic com ara botigues.<\/p><h5>4. GALETES DE GEO-LOCALITZACI\u00d3<\/h5><p>Aquestes cookies s\u00f3n utilitzades per esbrinar en quin pa\u00eds es troba quan se sol\u00b7licita un servei. Aquesta galeta \u00e9s totalment an\u00f2nima, i nom\u00e9s s\u2019utilitza per ajudar a orientar el contingut a la seva ubicaci\u00f3.<\/p><h5>5. GALETES DE REGISTRE<\/h5><p>Les galetes de registre es generen un cop que l\u2019usuari s\u2019ha registrat o posteriorment ha obert la sessi\u00f3, i s\u2019utilitzen per identificar-lo en els serveis amb els seg\u00fcents objectius:<\/p><p>Mantenir a l\u2019usuari identificat de manera que, si tanca un servei, el navegador o l\u2019ordinador i en un altre moment o un altre dia torna a entrar en aquest servei, seguir\u00e0 identificat, facilitant aix\u00ed la seva navegaci\u00f3 sense haver de tornar a identificar-se. Aquesta funcionalitat es pot suprimir si l\u2019usuari prem la funcionalitat [tancar sessi\u00f3], de manera que aquesta galeta s\u2019elimina i la propera vegada que entri en el servei a l\u2019usuari haur\u00e0 d\u2019iniciar sessi\u00f3 per estar identificat.<\/p><p>Comprovar si l\u2019usuari est\u00e0 autoritzat per accedir a certs serveis, per exemple, per participar en un concurs.<\/p><p>Addicionalment, alguns serveis poden utilitzar connectors amb xarxes socials com ara Facebook Instagram o Twitter. Quan l\u2019usuari es registra en un servei amb credencials d\u2019una xarxa social, autoritza a la xarxa social a guardar una galeta persistent que recorda la seva identitat i li garanteix acc\u00e9s als serveis fins que expira. L\u2019usuari pot esborrar aquesta Cookie i revocar l\u2019acc\u00e9s als serveis mitjan\u00e7ant xarxes socials actualitzant les seves prefer\u00e8ncies a la xarxa social que espec\u00edfica.<\/p><h5>6. GALETES D&#8217;ANAL\u00cdTIQUES<\/h5><div class=\"wpb_text_column wpb_content_element\"><div class=\"wpb_wrapper\"><p>Cada vegada que un usuari visita un servei, una eina d\u2019un prove\u00efdor extern genera una galeta anal\u00edtica en l\u2019ordinador de l\u2019usuari. Aquesta galeta que nom\u00e9s es genera en la visita, servir\u00e0 en properes visites als serveis d\u2019Institut Odont\u00f2legs de Molins per identificar de forma an\u00f2nima al visitant. Els objectius principals que es persegueixen s\u00f3n:<\/p><\/div><\/div><div class=\"wpb_text_column wpb_content_element\"><div class=\"wpb_wrapper\"><p>Permetre la identificaci\u00f3 an\u00f2nima dels usuaris navegants a trav\u00e9s de la galeta (identifica navegadors i dispositius, no persones) i per tant la comptabilitzaci\u00f3 aproximada del nombre de visitants i la seva tend\u00e8ncia en el temps.<\/p><\/div><\/div><div class=\"wpb_text_column wpb_content_element\"><div class=\"wpb_wrapper\"><p>Identificar de forma an\u00f2nima els continguts m\u00e9s visitats i per tant m\u00e9s atractius per als usuaris Saber si l\u2019usuari que est\u00e0 accedint \u00e9s nou o repeteix visita.<\/p><\/div><\/div><div class=\"wpb_text_column wpb_content_element\"><div class=\"wpb_wrapper\"><p><strong>Important:<\/strong> Llevat que l\u2019usuari decideixi registrar-se en un servei de Institut Odont\u00f2legs de Molins, la galeta mai anir\u00e0 associada a cap dada de car\u00e0cter personal que pugui identificar-lo. Aquestes galetes nom\u00e9s seran utilitzades amb prop\u00f2sits estad\u00edstics que ajudin a l\u2019optimitzaci\u00f3 de l\u2019experi\u00e8ncia dels usuaris en el lloc.<\/p><h5>7. GALETES DE PUBLICITAT<\/h5><p>Aquest tipus de galetes permeten ampliar la informaci\u00f3 dels anuncis mostrats a cada usuari an\u00f2nim en els serveis de Institut Odont\u00f2legs de Molins. Entre d\u2019altres, s\u2019emmagatzema la durada o freq\u00fc\u00e8ncia de visualitzaci\u00f3 de posicions publicit\u00e0ries, la interacci\u00f3 amb les mateixes, o els patrons de navegaci\u00f3 i \/ o comportaments de l\u2019usuari ja que ajuden a conformar un perfil d\u2019inter\u00e8s publicitari. D\u2019aquesta manera, permeten oferir publicitat af\u00ed als interessos de l\u2019usuari.<\/p><h5>8. GALETES PUBLICIT\u00c0RIES DE TERCERS<\/h5><p>A m\u00e9s de la publicitat gestionada per les webs de Institut Odont\u00f2legs de Molins en els seus serveis, els webs de Institut Odont\u00f2legs de Molins ofereixen als seus anunciants l\u2019opci\u00f3 de servir anuncis a trav\u00e9s de tercers (\u201cAd-Servers\u201d). D\u2019aquesta manera, aquests tercers poden emmagatzemar cookies enviades des dels serveis d\u2019Institut Odont\u00f2legs de Molins procedents dels navegadors dels usuaris, aix\u00ed com accedir a les dades que en elles es guarden.<\/p><p>Les empreses que generen aquestes cookies tenen les seves pr\u00f2pies pol\u00edtiques de privacitat. En l\u2019actualitat, les webs de Institut Odont\u00f2legs de Molins utilitzen la plataforma Doubleclick (Google) per gestionar aquests serveis.<\/p><h5>9. COM PUC DESACTIVAR LES GALETES AL NAVEGADOR?<\/h5><p>Es poden configurar els diferents navegadors per avisar a l\u2019usuari de la recepci\u00f3 de cookies i, si es desitja, impedir la seva instal\u00b7laci\u00f3 en l\u2019equip. Aix\u00ed mateix, l\u2019usuari pot revisar en el seu navegador quin cookies t\u00e9 instal\u00b7lades i quin \u00e9s el termini de caducitat de les mateixes, podent eliminar-les.<\/p><h5>10. ACTUALITZACIONS I CANVIS EN LA POL\u00cdTICA DE PRIVACITAT \/ GALETES<\/h5><p>Els webs de Institut Odont\u00f2legs de Molins poden modificar aquesta Pol\u00edtica de galetes en funci\u00f3 d\u2019exig\u00e8ncies legislatives, reglament\u00e0ries, o amb la finalitat d\u2019adaptar aquesta pol\u00edtica a les instruccions dictades per l\u2019Ag\u00e8ncia Espanyola de Protecci\u00f3 de Dades, per aix\u00f2 s\u2019aconsella als usuaris que la visitar peri\u00f2dicament.<\/p><p>Quan es produeixin canvis significatius en aquesta Pol\u00edtica de galetes, aquests es comunicaran als usuaris b\u00e9 mitjan\u00e7ant el web o mitjan\u00e7ant correu electr\u00f2nic als usuaris registrats.<\/p><h5>11. COM UTILITZA GOOGLE ANALYTICS LES GALETES?<\/h5><\/div><\/div><p>Fem servir tipus diferents de galetes per al funcionament dels llocs web de Google i dels productes relacionats amb anuncis. \u00c9s possible que algunes de les galetes que es defineixen a continuaci\u00f3 (o b\u00e9 totes) s\u2019emmagatzemin al vostre navegador. Podeu visualitzar i gestionar les galetes al vostre navegador (tot i que pot ser que els navegadors per a dispositius m\u00f2bils no ofereixin aquesta possibilitat).<\/p>\t\t\t\t\t\t\t\t<\/div>\n\t\t\t\t<\/div>\n\t\t\t\t\t<\/div>\n\t\t<\/div>\n\t\t\t\t\t<\/div>\n\t\t<\/section>\n\t\t\t\t<section class=\"elementor-section elementor-top-section elementor-element elementor-element-592fc5b elementor-section-boxed elementor-section-height-default elementor-section-height-default sc_fly_static\" data-id=\"592fc5b\" data-element_type=\"section\" data-e-type=\"section\">\n\t\t\t\t\t\t<div class=\"elementor-container elementor-column-gap-extended\">\n\t\t\t\t\t<div class=\"elementor-column elementor-col-100 elementor-top-column elementor-element elementor-element-bb574e0 sc_content_align_inherit sc_layouts_column_icons_position_left sc_fly_static\" data-id=\"bb574e0\" data-element_type=\"column\" data-e-type=\"column\">\n\t\t\t<div class=\"elementor-widget-wrap elementor-element-populated\">\n\t\t\t\t\t\t<div class=\"elementor-element elementor-element-031fd9c sc_fly_static elementor-widget elementor-widget-spacer\" data-id=\"031fd9c\" data-element_type=\"widget\" data-e-type=\"widget\" data-widget_type=\"spacer.default\">\n\t\t\t\t<div class=\"elementor-widget-container\">\n\t\t\t\t\t\t\t<div class=\"elementor-spacer\">\n\t\t\t<div class=\"elementor-spacer-inner\"><\/div>\n\t\t<\/div>\n\t\t\t\t\t\t<\/div>\n\t\t\t\t<\/div>\n\t\t\t\t\t<\/div>\n\t\t<\/div>\n\t\t\t\t\t<\/div>\n\t\t<\/section>\n\t\t\t\t<\/div>\n\t\t","protected":false},"excerpt":{"rendered":"<p>Pol\u00edtica de Cookies angle-down 1. QU\u00c8 S\u00d3N LES COOKIES? Les galetes o cookies s\u00f3n un conjunt de dades que un servidor diposita en el navegador de l\u2019usuari per recollir la&hellip;<\/p>\n","protected":false},"author":2,"featured_media":0,"parent":0,"menu_order":9,"comment_status":"closed","ping_status":"closed","template":"elementor_theme","meta":{"_joinchat":[],"footnotes":""},"class_list":["post-22402","page","type-page","status-publish","hentry"],"yoast_head":"<!-- This site is optimized with the Yoast SEO plugin v27.4 - https:\/\/yoast.com\/product\/yoast-seo-wordpress\/ -->\n<title>Pol\u00edtica de Cookies | Dentistes de Molins<\/title>\n<meta name=\"description\" content=\"Descobreix com utilitzem cookies a la nostra web per millorar la teva experi\u00e8ncia d\u2019usuari a dentistesdemolins.com\" \/>\n<meta name=\"robots\" content=\"index, follow, max-snippet:-1, max-image-preview:large, max-video-preview:-1\" \/>\n<link rel=\"canonical\" href=\"https:\/\/dentistesdemolins.com\/ca\/politica-de-cookies\/\" \/>\n<meta property=\"og:locale\" content=\"ca_ES\" \/>\n<meta property=\"og:type\" content=\"article\" \/>\n<meta property=\"og:title\" content=\"Pol\u00edtica de Cookies | Dentistes de Molins\" \/>\n<meta property=\"og:description\" content=\"Descobreix com utilitzem cookies a la nostra web per millorar la teva experi\u00e8ncia d\u2019usuari a dentistesdemolins.com\" \/>\n<meta property=\"og:url\" content=\"https:\/\/dentistesdemolins.com\/ca\/politica-de-cookies\/\" \/>\n<meta property=\"og:site_name\" content=\"Dentistes de Molins de Rei\" \/>\n<meta property=\"article:modified_time\" content=\"2025-02-10T10:09:26+00:00\" \/>\n<meta name=\"twitter:card\" content=\"summary_large_image\" \/>\n<meta name=\"twitter:label1\" content=\"Temps estimat de lectura\" \/>\n\t<meta name=\"twitter:data1\" content=\"6 minuts\" \/>\n<script type=\"application\/ld+json\" class=\"yoast-schema-graph\">{\"@context\":\"https:\\\/\\\/schema.org\",\"@graph\":[{\"@type\":\"WebPage\",\"@id\":\"https:\\\/\\\/dentistesdemolins.com\\\/ca\\\/politica-de-cookies\\\/\",\"url\":\"https:\\\/\\\/dentistesdemolins.com\\\/ca\\\/politica-de-cookies\\\/\",\"name\":\"Pol\u00edtica de Cookies | Dentistes de Molins\",\"isPartOf\":{\"@id\":\"https:\\\/\\\/dentistesdemolins.com\\\/ca\\\/#website\"},\"datePublished\":\"2024-11-22T00:19:58+00:00\",\"dateModified\":\"2025-02-10T10:09:26+00:00\",\"description\":\"Descobreix com utilitzem cookies a la nostra web per millorar la teva experi\u00e8ncia d\u2019usuari a dentistesdemolins.com\",\"breadcrumb\":{\"@id\":\"https:\\\/\\\/dentistesdemolins.com\\\/ca\\\/politica-de-cookies\\\/#breadcrumb\"},\"inLanguage\":\"ca\",\"potentialAction\":[{\"@type\":\"ReadAction\",\"target\":[\"https:\\\/\\\/dentistesdemolins.com\\\/ca\\\/politica-de-cookies\\\/\"]}]},{\"@type\":\"BreadcrumbList\",\"@id\":\"https:\\\/\\\/dentistesdemolins.com\\\/ca\\\/politica-de-cookies\\\/#breadcrumb\",\"itemListElement\":[{\"@type\":\"ListItem\",\"position\":1,\"name\":\"Inici\",\"item\":\"https:\\\/\\\/dentistesdemolins.com\\\/ca\\\/\"},{\"@type\":\"ListItem\",\"position\":2,\"name\":\"Pol\u00edtica de Cookies\"}]},{\"@type\":\"WebSite\",\"@id\":\"https:\\\/\\\/dentistesdemolins.com\\\/ca\\\/#website\",\"url\":\"https:\\\/\\\/dentistesdemolins.com\\\/ca\\\/\",\"name\":\"Dentistes de Molins de Rei\",\"description\":\"\",\"publisher\":{\"@id\":\"https:\\\/\\\/dentistesdemolins.com\\\/ca\\\/#organization\"},\"potentialAction\":[{\"@type\":\"SearchAction\",\"target\":{\"@type\":\"EntryPoint\",\"urlTemplate\":\"https:\\\/\\\/dentistesdemolins.com\\\/ca\\\/?s={search_term_string}\"},\"query-input\":{\"@type\":\"PropertyValueSpecification\",\"valueRequired\":true,\"valueName\":\"search_term_string\"}}],\"inLanguage\":\"ca\"},{\"@type\":\"Organization\",\"@id\":\"https:\\\/\\\/dentistesdemolins.com\\\/ca\\\/#organization\",\"name\":\"Dentistes de Molins de Rei\",\"url\":\"https:\\\/\\\/dentistesdemolins.com\\\/ca\\\/\",\"logo\":{\"@type\":\"ImageObject\",\"inLanguage\":\"ca\",\"@id\":\"https:\\\/\\\/dentistesdemolins.com\\\/ca\\\/#\\\/schema\\\/logo\\\/image\\\/\",\"url\":\"https:\\\/\\\/dentistesdemolins.com\\\/wp-content\\\/uploads\\\/2025\\\/02\\\/logo-dentistas.png\",\"contentUrl\":\"https:\\\/\\\/dentistesdemolins.com\\\/wp-content\\\/uploads\\\/2025\\\/02\\\/logo-dentistas.png\",\"width\":840,\"height\":200,\"caption\":\"Dentistes de Molins de Rei\"},\"image\":{\"@id\":\"https:\\\/\\\/dentistesdemolins.com\\\/ca\\\/#\\\/schema\\\/logo\\\/image\\\/\"}}]}<\/script>\n<!-- \/ Yoast SEO plugin. -->","yoast_head_json":{"title":"Pol\u00edtica de Cookies | Dentistes de Molins","description":"Descobreix com utilitzem cookies a la nostra web per millorar la teva experi\u00e8ncia d\u2019usuari a dentistesdemolins.com","robots":{"index":"index","follow":"follow","max-snippet":"max-snippet:-1","max-image-preview":"max-image-preview:large","max-video-preview":"max-video-preview:-1"},"canonical":"https:\/\/dentistesdemolins.com\/ca\/politica-de-cookies\/","og_locale":"ca_ES","og_type":"article","og_title":"Pol\u00edtica de Cookies | Dentistes de Molins","og_description":"Descobreix com utilitzem cookies a la nostra web per millorar la teva experi\u00e8ncia d\u2019usuari a dentistesdemolins.com","og_url":"https:\/\/dentistesdemolins.com\/ca\/politica-de-cookies\/","og_site_name":"Dentistes de Molins de Rei","article_modified_time":"2025-02-10T10:09:26+00:00","twitter_card":"summary_large_image","twitter_misc":{"Temps estimat de lectura":"6 minuts"},"schema":{"@context":"https:\/\/schema.org","@graph":[{"@type":"WebPage","@id":"https:\/\/dentistesdemolins.com\/ca\/politica-de-cookies\/","url":"https:\/\/dentistesdemolins.com\/ca\/politica-de-cookies\/","name":"Pol\u00edtica de Cookies | Dentistes de Molins","isPartOf":{"@id":"https:\/\/dentistesdemolins.com\/ca\/#website"},"datePublished":"2024-11-22T00:19:58+00:00","dateModified":"2025-02-10T10:09:26+00:00","description":"Descobreix com utilitzem cookies a la nostra web per millorar la teva experi\u00e8ncia d\u2019usuari a dentistesdemolins.com","breadcrumb":{"@id":"https:\/\/dentistesdemolins.com\/ca\/politica-de-cookies\/#breadcrumb"},"inLanguage":"ca","potentialAction":[{"@type":"ReadAction","target":["https:\/\/dentistesdemolins.com\/ca\/politica-de-cookies\/"]}]},{"@type":"BreadcrumbList","@id":"https:\/\/dentistesdemolins.com\/ca\/politica-de-cookies\/#breadcrumb","itemListElement":[{"@type":"ListItem","position":1,"name":"Inici","item":"https:\/\/dentistesdemolins.com\/ca\/"},{"@type":"ListItem","position":2,"name":"Pol\u00edtica de Cookies"}]},{"@type":"WebSite","@id":"https:\/\/dentistesdemolins.com\/ca\/#website","url":"https:\/\/dentistesdemolins.com\/ca\/","name":"Dentistes de Molins de Rei","description":"","publisher":{"@id":"https:\/\/dentistesdemolins.com\/ca\/#organization"},"potentialAction":[{"@type":"SearchAction","target":{"@type":"EntryPoint","urlTemplate":"https:\/\/dentistesdemolins.com\/ca\/?s={search_term_string}"},"query-input":{"@type":"PropertyValueSpecification","valueRequired":true,"valueName":"search_term_string"}}],"inLanguage":"ca"},{"@type":"Organization","@id":"https:\/\/dentistesdemolins.com\/ca\/#organization","name":"Dentistes de Molins de Rei","url":"https:\/\/dentistesdemolins.com\/ca\/","logo":{"@type":"ImageObject","inLanguage":"ca","@id":"https:\/\/dentistesdemolins.com\/ca\/#\/schema\/logo\/image\/","url":"https:\/\/dentistesdemolins.com\/wp-content\/uploads\/2025\/02\/logo-dentistas.png","contentUrl":"https:\/\/dentistesdemolins.com\/wp-content\/uploads\/2025\/02\/logo-dentistas.png","width":840,"height":200,"caption":"Dentistes de Molins de Rei"},"image":{"@id":"https:\/\/dentistesdemolins.com\/ca\/#\/schema\/logo\/image\/"}}]}},"_links":{"self":[{"href":"https:\/\/dentistesdemolins.com\/ca\/wp-json\/wp\/v2\/pages\/22402","targetHints":{"allow":["GET"]}}],"collection":[{"href":"https:\/\/dentistesdemolins.com\/ca\/wp-json\/wp\/v2\/pages"}],"about":[{"href":"https:\/\/dentistesdemolins.com\/ca\/wp-json\/wp\/v2\/types\/page"}],"author":[{"embeddable":true,"href":"https:\/\/dentistesdemolins.com\/ca\/wp-json\/wp\/v2\/users\/2"}],"replies":[{"embeddable":true,"href":"https:\/\/dentistesdemolins.com\/ca\/wp-json\/wp\/v2\/comments?post=22402"}],"version-history":[{"count":0,"href":"https:\/\/dentistesdemolins.com\/ca\/wp-json\/wp\/v2\/pages\/22402\/revisions"}],"wp:attachment":[{"href":"https:\/\/dentistesdemolins.com\/ca\/wp-json\/wp\/v2\/media?parent=22402"}],"curies":[{"name":"wp","href":"https:\/\/api.w.org\/{rel}","templated":true}]}}